{"id":920,"date":"2023-10-17T13:42:26","date_gmt":"2023-10-17T13:42:26","guid":{"rendered":"https:\/\/biometal.med.br\/site\/?page_id=920"},"modified":"2023-10-17T13:42:27","modified_gmt":"2023-10-17T13:42:27","slug":"politica-de-privacidad","status":"publish","type":"page","link":"https:\/\/biometal.med.br\/site\/?page_id=920&lang=es","title":{"rendered":"POL\u00cdTICA DE PRIVACIDAD"},"content":{"rendered":"\n<p>Tu privacidad es importante para nosotros. Es pol\u00edtica de Biometal respetar tu privacidad en relaci\u00f3n a cualquier informaci\u00f3n que podamos recopilar en el sitio web de Biometal y otros sitios que poseemos y operamos.<\/p>\n\n\n\n<p>Solicitamos informaci\u00f3n personal solamente cuando realmente la necesitamos para proporcionarte un servicio. Lo hacemos de manera justa y legal, con tu conocimiento y consentimiento. Tambi\u00e9n te informamos por qu\u00e9 estamos recopilando dicha informaci\u00f3n y c\u00f3mo la utilizaremos.<\/p>\n\n\n\n<p>Solo retenemos la informaci\u00f3n recopilada durante el tiempo necesario para proporcionar el servicio solicitado. Cuando almacenamos datos, los protegemos de manera comercialmente aceptable para evitar p\u00e9rdidas y robos, as\u00ed como el acceso, divulgaci\u00f3n, copia, uso o modificaci\u00f3n no autorizados.<\/p>\n\n\n\n<p>No compartimos informaci\u00f3n de identificaci\u00f3n personal p\u00fablicamente ni con terceros, excepto cuando la ley lo exige.<\/p>\n\n\n\n<p>Nuestro sitio web puede contener enlaces a sitios externos que no son operados por nosotros. Ten en cuenta que no tenemos control sobre el contenido y las pr\u00e1cticas de estos sitios y no podemos aceptar responsabilidad por sus respectivas pol\u00edticas de privacidad.<\/p>\n\n\n\n<p>Tienes la libertad de rechazar nuestra solicitud de informaci\u00f3n personal, entendiendo que es posible que no podamos proporcionar algunos de los servicios deseados.<\/p>\n\n\n\n<p>El uso continuado de nuestro sitio web se considerar\u00e1 como la aceptaci\u00f3n de nuestras pr\u00e1cticas en cuanto a privacidad e informaci\u00f3n personal. Si tienes alguna pregunta sobre c\u00f3mo manejamos los datos de usuario e informaci\u00f3n personal, no dudes en ponerte en contacto con nosotros.<\/p>\n\n\n\n<p>El servicio Google AdSense que utilizamos para mostrar publicidad utiliza una cookie DoubleClick para mostrar anuncios m\u00e1s relevantes en toda la web y limitar la cantidad de veces que se muestra un anuncio espec\u00edfico.<\/p>\n\n\n\n<p>Para obtener m\u00e1s informaci\u00f3n sobre Google AdSense, consulta las Preguntas frecuentes oficiales sobre privacidad de Google AdSense.<\/p>\n\n\n\n<p>Utilizamos anuncios para compensar los costos de operar este sitio web y proporcionar financiamiento para futuros desarrollos. Las cookies de publicidad conductual utilizadas en este sitio web est\u00e1n dise\u00f1adas para asegurar que te mostremos los anuncios m\u00e1s relevantes siempre que sea posible, haciendo un seguimiento an\u00f3nimo de tus intereses y presentando cosas similares que puedan ser de tu inter\u00e9s.<\/p>\n\n\n\n<p>Varios socios anuncian en nuestro nombre y las cookies de seguimiento de afiliados nos permiten ver si nuestros clientes accedieron al sitio a trav\u00e9s de uno de los sitios de nuestros socios, para que podamos acreditarlos adecuadamente y, cuando corresponda, permitir que nuestros socios afiliados ofrezcan cualquier promoci\u00f3n que puedan proporcionarte para realizar una compra.<\/p>\n\n\n\n<p>Compromiso del Usuario El usuario se compromete a hacer un uso adecuado de los contenidos y la informaci\u00f3n que Biometal ofrece en el sitio web, con car\u00e1cter enunciativo pero no limitativo:<\/p>\n\n\n\n<p>A) No participar en actividades que sean ilegales o contrarias a la buena fe y al orden p\u00fablico. B) No difundir propaganda o contenido de naturaleza racista, xen\u00f3foba, juegos de azar o apuestas, ning\u00fan tipo de pornograf\u00eda ilegal, apolog\u00eda del terrorismo o en contra de los derechos humanos. C) No causar da\u00f1os a los sistemas f\u00edsicos (hardware) y l\u00f3gicos (software) de Biometal, de sus proveedores o de terceros, ni introducir o difundir virus inform\u00e1ticos u otros sistemas de hardware o software capaces de causar los da\u00f1os mencionados anteriormente.<\/p>\n\n\n\n<p>M\u00e1s informaci\u00f3n Esperamos que esto aclare las cosas y, como se mencion\u00f3 anteriormente, si no est\u00e1s seguro de si necesitas o no las cookies, generalmente es m\u00e1s seguro dejarlas activadas en caso de que interact\u00faes con alguna de las funciones que utilizas en nuestro sitio.<\/p>\n","protected":false},"excerpt":{"rendered":"<p>Tu privacidad es importante para nosotros. Es pol\u00edtica de Biometal respetar tu privacidad en relaci\u00f3n a cualquier informaci\u00f3n que podamos recopilar en el sitio web de Biometal y otros sitios que poseemos y operamos. Solicitamos informaci\u00f3n personal solamente cuando realmente la necesitamos para proporcionarte un servicio. Lo hacemos de manera justa y legal, con tu [&hellip;]<\/p>\n","protected":false},"author":1,"featured_media":0,"parent":0,"menu_order":0,"comment_status":"closed","ping_status":"closed","template":"","meta":{"_acf_changed":false,"footnotes":""},"class_list":["post-920","page","type-page","status-publish","hentry"],"acf":[],"_links":{"self":[{"href":"https:\/\/biometal.med.br\/site\/index.php?rest_route=\/wp\/v2\/pages\/920","targetHints":{"allow":["GET"]}}],"collection":[{"href":"https:\/\/biometal.med.br\/site\/index.php?rest_route=\/wp\/v2\/pages"}],"about":[{"href":"https:\/\/biometal.med.br\/site\/index.php?rest_route=\/wp\/v2\/types\/page"}],"author":[{"embeddable":true,"href":"https:\/\/biometal.med.br\/site\/index.php?rest_route=\/wp\/v2\/users\/1"}],"replies":[{"embeddable":true,"href":"https:\/\/biometal.med.br\/site\/index.php?rest_route=%2Fwp%2Fv2%2Fcomments&post=920"}],"version-history":[{"count":1,"href":"https:\/\/biometal.med.br\/site\/index.php?rest_route=\/wp\/v2\/pages\/920\/revisions"}],"predecessor-version":[{"id":921,"href":"https:\/\/biometal.med.br\/site\/index.php?rest_route=\/wp\/v2\/pages\/920\/revisions\/921"}],"wp:attachment":[{"href":"https:\/\/biometal.med.br\/site\/index.php?rest_route=%2Fwp%2Fv2%2Fmedia&parent=920"}],"curies":[{"name":"wp","href":"https:\/\/api.w.org\/{rel}","templated":true}]}}