{"id":884,"date":"2023-10-17T02:10:47","date_gmt":"2023-10-17T02:10:47","guid":{"rendered":"https:\/\/biometal.med.br\/site\/?page_id=884"},"modified":"2023-12-01T14:33:01","modified_gmt":"2023-12-01T14:33:01","slug":"portal-for-access-to-e-instructions-for-use","status":"publish","type":"page","link":"https:\/\/biometal.med.br\/site\/?page_id=884&lang=en","title":{"rendered":"PORTAL FOR ACCESS TO E-INSTRUCTIONS FOR USE"},"content":{"rendered":"\t\t<div data-elementor-type=\"wp-page\" data-elementor-id=\"884\" class=\"elementor elementor-884\" data-elementor-post-type=\"page\">\n\t\t\t\t\t\t<section class=\"elementor-section elementor-top-section elementor-element elementor-element-77095f2 elementor-section-boxed elementor-section-height-default elementor-section-height-default\" data-id=\"77095f2\" data-element_type=\"section\" data-e-type=\"section\">\n\t\t\t\t\t\t<div class=\"elementor-container elementor-column-gap-default\">\n\t\t\t\t\t<div class=\"elementor-column elementor-col-100 elementor-top-column elementor-element elementor-element-3e0c72b\" data-id=\"3e0c72b\" data-element_type=\"column\" data-e-type=\"column\">\n\t\t\t<div class=\"elementor-widget-wrap elementor-element-populated\">\n\t\t\t\t\t\t<div class=\"elementor-element elementor-element-a465920 elementor-widget elementor-widget-text-editor\" data-id=\"a465920\" data-element_type=\"widget\" data-e-type=\"widget\" data-widget_type=\"text-editor.default\">\n\t\t\t\t<div class=\"elementor-widget-container\">\n\t\t\t\t\t\t\t\t\t<p>As a source of information for users of biometal product line, our ifus &#8211; instructions for use highlight considerations such as:<\/p><p>\u2013 Full product identification;<br \/>\u2013 Indication(s) for use;<br \/>\u2013 Important application warnings;<br \/>\u2013 Contraindications;<br \/>\u2013 Conditions for proper handling, storage, and transport;<br \/>\u2013 Risks and precautions;<br \/>\u2013 Disposal instructions after use;<br \/>\u2013 Among other important aspects.<\/p>\t\t\t\t\t\t\t\t<\/div>\n\t\t\t\t<\/div>\n\t\t\t\t\t<\/div>\n\t\t<\/div>\n\t\t\t\t\t<\/div>\n\t\t<\/section>\n\t\t\t\t<section class=\"elementor-section elementor-top-section elementor-element elementor-element-9ced613 elementor-section-boxed elementor-section-height-default elementor-section-height-default\" data-id=\"9ced613\" data-element_type=\"section\" data-e-type=\"section\">\n\t\t\t\t\t\t<div class=\"elementor-container elementor-column-gap-default\">\n\t\t\t\t\t<div class=\"elementor-column elementor-col-100 elementor-top-column elementor-element elementor-element-c336556\" data-id=\"c336556\" data-element_type=\"column\" data-e-type=\"column\">\n\t\t\t<div class=\"elementor-widget-wrap elementor-element-populated\">\n\t\t\t\t\t\t<div class=\"elementor-element elementor-element-868b4dc elementor-widget-divider--view-line elementor-widget elementor-widget-divider\" data-id=\"868b4dc\" data-element_type=\"widget\" data-e-type=\"widget\" data-widget_type=\"divider.default\">\n\t\t\t\t<div class=\"elementor-widget-container\">\n\t\t\t\t\t\t\t<div class=\"elementor-divider\">\n\t\t\t<span class=\"elementor-divider-separator\">\n\t\t\t\t\t\t<\/span>\n\t\t<\/div>\n\t\t\t\t\t\t<\/div>\n\t\t\t\t<\/div>\n\t\t\t\t\t<\/div>\n\t\t<\/div>\n\t\t\t\t\t<\/div>\n\t\t<\/section>\n\t\t\t\t<section class=\"elementor-section elementor-top-section elementor-element elementor-element-ebedf6c elementor-section-boxed elementor-section-height-default elementor-section-height-default\" data-id=\"ebedf6c\" data-element_type=\"section\" data-e-type=\"section\">\n\t\t\t\t\t\t<div class=\"elementor-container elementor-column-gap-default\">\n\t\t\t\t\t<div class=\"elementor-column elementor-col-100 elementor-top-column elementor-element elementor-element-e0c67ab\" data-id=\"e0c67ab\" data-element_type=\"column\" data-e-type=\"column\">\n\t\t\t<div class=\"elementor-widget-wrap elementor-element-populated\">\n\t\t\t\t\t\t<div class=\"elementor-element elementor-element-d157b27 elementor-widget elementor-widget-text-editor\" data-id=\"d157b27\" data-element_type=\"widget\" data-e-type=\"widget\" data-widget_type=\"text-editor.default\">\n\t\t\t\t<div class=\"elementor-widget-container\">\n\t\t\t\t\t\t\t\t\t<p><strong>How to consult<\/strong><\/p><p>In order to provide quick and pratical access to this information, and in compliance with the current anvisa resolution no. 4\/2012, BIOMETAL provides the ifus &#8211; instructions for use for consultation\/download through the following steps:<\/p>\t\t\t\t\t\t\t\t<\/div>\n\t\t\t\t<\/div>\n\t\t\t\t<section class=\"elementor-section elementor-inner-section elementor-element elementor-element-794b100 elementor-section-boxed elementor-section-height-default elementor-section-height-default\" data-id=\"794b100\" data-element_type=\"section\" data-e-type=\"section\" data-settings=\"{&quot;background_background&quot;:&quot;classic&quot;}\">\n\t\t\t\t\t\t<div class=\"elementor-container elementor-column-gap-default\">\n\t\t\t\t\t<div class=\"elementor-column elementor-col-100 elementor-inner-column elementor-element elementor-element-fbc7e1e\" data-id=\"fbc7e1e\" data-element_type=\"column\" data-e-type=\"column\">\n\t\t\t<div class=\"elementor-widget-wrap elementor-element-populated\">\n\t\t\t\t\t\t<div class=\"elementor-element elementor-element-68f538d elementor-widget elementor-widget-text-editor\" data-id=\"68f538d\" data-element_type=\"widget\" data-e-type=\"widget\" data-widget_type=\"text-editor.default\">\n\t\t\t\t<div class=\"elementor-widget-container\">\n\t\t\t\t\t\t\t\t\t<p><strong>Step 1:<\/strong> Check the label of your product for the respective anvisa registration number.<br><strong>Step 2:<\/strong> Check the label of your product for the manufacturing date.<br><strong>Step 3:<\/strong> Locate the instruction for use that corresponds to the manufacturing date of your product.<br><strong>Step 4:<\/strong> To open the file, click on &#8220;Download&#8221;.<\/p>\t\t\t\t\t\t\t\t<\/div>\n\t\t\t\t<\/div>\n\t\t\t\t\t<\/div>\n\t\t<\/div>\n\t\t\t\t\t<\/div>\n\t\t<\/section>\n\t\t\t\t<div class=\"elementor-element elementor-element-5082ebd elementor-widget elementor-widget-text-editor\" data-id=\"5082ebd\" data-element_type=\"widget\" data-e-type=\"widget\" data-widget_type=\"text-editor.default\">\n\t\t\t\t<div class=\"elementor-widget-container\">\n\t\t\t\t\t\t\t\t\t<p>If you wish to download, click on the &#8216;save as&#8217; icon in your browser (if you do not have a pdf reader installed on your computer, you can download it here).<\/p><p>All ifus &#8211; instructions for use provided on our website have revision identification\/issue date on the first page of the document. users should pay attention to the correct version (revision and issue date) of the document in relation to the manufacturing date informed on the product label.<\/p><p>If users are interested, ifus &#8211; instructions for use can be provided in printed format at no additional cost. To request this, please contact one of our sales representatives or contact us directly at: +55 phone\/fax: (19) 3495 \u2013 2485 or via email at quality@biometal.med.br.<\/p>\t\t\t\t\t\t\t\t<\/div>\n\t\t\t\t<\/div>\n\t\t\t\t\t<\/div>\n\t\t<\/div>\n\t\t\t\t\t<\/div>\n\t\t<\/section>\n\t\t\t\t<section class=\"elementor-section elementor-top-section elementor-element elementor-element-f3fa71a elementor-section-boxed elementor-section-height-default elementor-section-height-default\" data-id=\"f3fa71a\" data-element_type=\"section\" data-e-type=\"section\">\n\t\t\t\t\t\t<div class=\"elementor-container elementor-column-gap-default\">\n\t\t\t\t\t<div class=\"elementor-column elementor-col-100 elementor-top-column elementor-element elementor-element-8409e4f\" data-id=\"8409e4f\" data-element_type=\"column\" data-e-type=\"column\">\n\t\t\t<div class=\"elementor-widget-wrap elementor-element-populated\">\n\t\t\t\t\t\t<div class=\"elementor-element elementor-element-727b2a0 elementor-widget-divider--view-line elementor-widget elementor-widget-divider\" data-id=\"727b2a0\" data-element_type=\"widget\" data-e-type=\"widget\" data-widget_type=\"divider.default\">\n\t\t\t\t<div class=\"elementor-widget-container\">\n\t\t\t\t\t\t\t<div class=\"elementor-divider\">\n\t\t\t<span class=\"elementor-divider-separator\">\n\t\t\t\t\t\t<\/span>\n\t\t<\/div>\n\t\t\t\t\t\t<\/div>\n\t\t\t\t<\/div>\n\t\t\t\t\t<\/div>\n\t\t<\/div>\n\t\t\t\t\t<\/div>\n\t\t<\/section>\n\t\t\t\t<section class=\"elementor-section elementor-top-section elementor-element elementor-element-a7f698f elementor-section-boxed elementor-section-height-default elementor-section-height-default\" data-id=\"a7f698f\" data-element_type=\"section\" data-e-type=\"section\">\n\t\t\t\t\t\t<div class=\"elementor-container elementor-column-gap-default\">\n\t\t\t\t\t<div class=\"elementor-column elementor-col-100 elementor-top-column elementor-element elementor-element-dac339e\" data-id=\"dac339e\" data-element_type=\"column\" data-e-type=\"column\">\n\t\t\t<div class=\"elementor-widget-wrap\">\n\t\t\t\t\t\t\t<\/div>\n\t\t<\/div>\n\t\t\t\t\t<\/div>\n\t\t<\/section>\n\t\t\t\t<section class=\"elementor-section elementor-top-section elementor-element elementor-element-70acc19 elementor-section-boxed elementor-section-height-default elementor-section-height-default\" data-id=\"70acc19\" data-element_type=\"section\" data-e-type=\"section\">\n\t\t\t\t\t\t<div class=\"elementor-container elementor-column-gap-default\">\n\t\t\t\t\t<div class=\"elementor-column elementor-col-100 elementor-top-column elementor-element elementor-element-7d55d76\" data-id=\"7d55d76\" data-element_type=\"column\" data-e-type=\"column\">\n\t\t\t<div class=\"elementor-widget-wrap elementor-element-populated\">\n\t\t\t\t\t\t<div class=\"elementor-element elementor-element-a302a29 elementor-widget elementor-widget-eael-advanced-data-table\" data-id=\"a302a29\" data-element_type=\"widget\" data-e-type=\"widget\" data-widget_type=\"eael-advanced-data-table.default\">\n\t\t\t\t<div class=\"elementor-widget-container\">\n\t\t\t\t\t<div class=\"ea-advanced-data-table-wrap\" data-id=\"a302a29\"><div class=\"ea-advanced-data-table-search-wrap ea-advanced-data-table-search-right\"><input type=\"search\" placeholder=\"Search\" class=\"ea-advanced-data-table-search\"><\/div><div class=\"ea-advanced-data-table-wrap-inner\">\n                <table class=\"ea-advanced-data-table ea-advanced-data-table-static ea-advanced-data-table-a302a29 ea-advanced-data-table-sortable ea-advanced-data-table-paginated ea-advanced-data-table-searchable\" data-id=\"a302a29\" data-items-per-page=\"30\"><thead><tr><th><p>N\u00ba Anvisa<\/p><\/th><th><p>Technical Name<\/p><\/th><th><p>Validity (Manufacture Date)<\/p><\/th><th><p>Download<\/p><\/th><\/tr><\/thead><tbody><tr><td><p>80482499005<\/p><\/td><td><p>BROCA FLEX\u00cdVEL CORTANTE ESF\u00c9RICA SKB_REVIS\u00c3O 00<\/p><\/td><td><\/td><td><p><a href=\"https:\/\/biometal.med.br\/site\/wp-content\/uploads\/2023\/08\/IFU-80482499005-BROCA-FLEXIVEL-CORTANTE-ESFERICA-SKB_revisao-00.pdf\" target=\"_blank\"><strong>Baixar<\/strong><\/a><\/p><\/td><\/tr><tr><td><p>80482499006<\/p><\/td><td><p>BROCA FLEX\u00cdVEL DIAMANTADA ESF\u00c9RICA SKB_REVIS\u00c3O 00<\/p><\/td><td><\/td><td><p><a href=\"https:\/\/biometal.med.br\/site\/wp-content\/uploads\/2023\/08\/IFU-80482499006-BROCA-FLEXIVEL-DIAMANTADA-ESFERICA-SKB_revisao-00.pdf\" target=\"_blank\"><strong>Baixar<\/strong><\/a><\/p><\/td><\/tr><tr><td><p>80482499011<\/p><\/td><td><p>BROCA HELICOIDAL LISA EST\u00c9RIL_REVIS\u00c3O 00<\/p><\/td><td><\/td><td><p><a href=\"https:\/\/biometal.med.br\/site\/wp-content\/uploads\/2023\/08\/IFU-80482499011-BROCA-HELICOIDAL-LISA-ESTERIL_revisao-00.pdf\" target=\"_blank\"><strong>Baixar<\/strong><\/a><\/p><\/td><\/tr><tr><td><p>80482499004<\/p><\/td><td><p>BROCAS AUTOM\u00c1TICA&nbsp;TREPANA\u00c7\u00c3O EST\u00c9RIL BIOMETAL_REVIS\u00c3O 00 <\/p><\/td><td><p>AT\u00c9 16-08-2021<\/p><\/td><td><p><a href=\"https:\/\/biometal.med.br\/site\/wp-content\/uploads\/2023\/08\/IFU-80482499004-Brocas-AUTOMATICA-TREPANACAO-ESTERIL-BIOMETAL_revisao-00.pdf\" target=\"_blank\"><strong>Baixar<\/strong><\/a><\/p><\/td><\/tr><tr><td><p>80482499004<\/p><\/td><td><p>BROCAS AUTOM\u00c1TICA&nbsp;TREPANA\u00c7\u00c3O EST\u00c9RIL BIOMETAL_REVIS\u00c3O 01 <\/p><\/td><td><p>A PARTIR DE 17-08-2021<\/p><\/td><td><p><a href=\"https:\/\/biometal.med.br\/site\/wp-content\/uploads\/2023\/08\/IFU-80482499004-Brocas-AUTOMATICA-TREPANACAO-ESTERIL-BIOMETAL_revisao-01-a-partir-de-17.08.2021.pdf\" target=\"_blank\"><strong>Baixar<\/strong><\/a><\/p><\/td><\/tr><tr><td><p>80482490028<\/p><\/td><td><p>BROCAS CARBIDE BIOMETAL_REVIS\u00c3O 00 <\/p><\/td><td><p>AT\u00c9 03-03-2021<\/p><\/td><td><p><a href=\"https:\/\/biometal.med.br\/site\/wp-content\/uploads\/2023\/08\/IFU-80482490028-BROCAS-CARBIDE-BIOMETAL_revisao-00-ate-03.03.2021.pdf\" target=\"_blank\"><strong>Baixar<\/strong><\/a><\/p><\/td><\/tr><tr><td><p>80482490028<\/p><\/td><td><p>BROCAS CARBIDE BIOMETAL_REVIS\u00c3O 01 <\/p><\/td><td><p>DE 04-03-2021 ATE 16-08-2021<\/p><\/td><td><p><a href=\"https:\/\/biometal.med.br\/site\/wp-content\/uploads\/2023\/08\/IFU-80482490028-BROCAS-CARBIDE-BIOMETAL_revisao-01-de-04.03.2021-ate-16.08.2021.pdf\" target=\"_blank\"><strong>Baixar<\/strong><\/a><\/p><\/td><\/tr><tr><td><p>80482490028<\/p><\/td><td><p>BROCAS CARBIDE BIOMETAL_REVIS\u00c3O 02 <\/p><\/td><td><p>A PARTIR DE 17-08-2021<\/p><\/td><td><p><a href=\"https:\/\/biometal.med.br\/site\/wp-content\/uploads\/2023\/08\/IFU-80482490028-BROCAS-CARBIDE-BIOMETAL_revisao-02-a-partir-de-17.08.2021.pdf\" target=\"_blank\"><strong>Baixar<\/strong><\/a><\/p><\/td><\/tr><tr><td><p>80482490025<\/p><\/td><td><p>BROCAS CORTANTES FRESAS E LAMINAS ESTEREIS_revisao-01<\/p><\/td><td><p>AT\u00c9 03-03-2021<\/p><\/td><td><p><a href=\"https:\/\/biometal.med.br\/site\/wp-content\/uploads\/2023\/08\/IFU-80482490025-Brocas-Cortantes-Fresas-e-Laminas-Estereis_revisao-01-ate-03.03.2021.pdf\" target=\"_blank\"><strong>Baixar<\/strong><\/a><\/p><\/td><\/tr><tr><td><p>80482490025<\/p><\/td><td><p>BROCAS CORTANTES FRESAS E LAMINAS ESTEREIS_revisao-02<\/p><\/td><td><p>DE 04-03-2021 AT\u00c9 16-08-2021<\/p><\/td><td><p><a href=\"https:\/\/biometal.med.br\/site\/wp-content\/uploads\/2023\/08\/IFU-80482490025-Brocas-Cortantes-Fresas-e-Laminas-Estereis_revisao-02-de-04.03.2021-ate-16.08.2021.pdf\" target=\"_blank\"><strong>Baixar<\/strong><\/a><\/p><\/td><\/tr><tr><td><p>80482490025<\/p><\/td><td><p>BROCAS CORTANTES FRESAS E LAMINAS ESTEREIS_revisao-03<\/p><\/td><td><p>DE 17-08-2021 AT\u00c9 28-06-2022<\/p><\/td><td><p><a href=\"https:\/\/biometal.med.br\/site\/wp-content\/uploads\/2023\/08\/IFU-80482490025-Brocas-Cortantes-Fresas-e-Laminas-Estereis_revisao-03-de-17.08.2021-ate-28.06.2022.pdf\" target=\"_blank\"><strong>Baixar<\/strong><\/a><\/p><\/td><\/tr><tr><td><p>80482490025<\/p><\/td><td><p>BROCAS CORTANTES FRESAS E LAMINAS ESTEREIS_revisao-04<\/p><\/td><td><p>A PARTIR 29-06-2022<\/p><\/td><td><p><a href=\"https:\/\/biometal.med.br\/site\/wp-content\/uploads\/2023\/08\/IFU-80482490025-Brocas-Cortantes-Fresas-e-Laminas-Estereis_revisao-04_vigentes-a-partir-de-29.06.2022.pdf\" target=\"_blank\"><strong>Baixar<\/strong><\/a><\/p><\/td><\/tr><tr><td><p>80482490024<\/p><\/td><td><p>BROCAS DIAMANTADAS ESTEREIS_revisao-01<\/p><\/td><td><p>AT\u00c9 03-03-2021<\/p><\/td><td><p><a href=\"https:\/\/biometal.med.br\/site\/wp-content\/uploads\/2023\/08\/IFU-80482490024-BROCAS-DIAMANTADAS-ESTEREIS_revisao-01-ate-03.03.2021.pdf\" target=\"_blank\"><strong>Baixar<\/strong><\/a><\/p><\/td><\/tr><tr><td><p>80482490024<\/p><\/td><td><p>BROCAS DIAMANTADAS ESTEREIS_revisao-02<\/p><\/td><td><p>DE 04-03-2021 AT\u00c9 16-08-2021<\/p><\/td><td><p><a href=\"https:\/\/biometal.med.br\/site\/wp-content\/uploads\/2023\/08\/IFU-80482490024-BROCAS-DIAMANTADAS-ESTEREIS_revisao-02-de-04.03.2021-ate-16.08.2021.pdf\" target=\"_blank\"><strong>Baixar<\/strong><\/a><\/p><\/td><\/tr><tr><td><p>80482490024<\/p><\/td><td><p>BROCAS DIAMANTADAS ESTEREIS_revisao-03<\/p><\/td><td><p>DE 17-08-2021 AT\u00c9 28-06-2022<\/p><\/td><td><p><a href=\"https:\/\/biometal.med.br\/site\/wp-content\/uploads\/2023\/08\/IFU-80482490024-BROCAS-DIAMANTADAS-ESTEREIS_revisao-03-de-17.08.2021-ate-28.06.2022.pdf\" target=\"_blank\"><strong>Baixar<\/strong><\/a><\/p><\/td><\/tr><tr><td><p>80482490024<\/p><\/td><td><p>BROCAS DIAMANTADAS ESTEREIS_revisao-04<\/p><\/td><td><p>A PARTIR 29-06-2022<\/p><\/td><td><p><a href=\"https:\/\/biometal.med.br\/site\/wp-content\/uploads\/2023\/08\/IFU-80482490024-BROCAS-DIAMANTADAS-ESTEREIS_revisao-04-a-partir-de-29.06.2022.pdf\" target=\"_blank\"><strong>Baixar<\/strong><\/a><\/p><\/td><\/tr><tr><td><p>80482499008<\/p><\/td><td><p>FERRAMENTA DE DISSEC\u00c7\u00c3O TUNGSTENIO ESTERIL_revisao-00<\/p><\/td><td><\/td><td><p><a href=\"https:\/\/biometal.med.br\/site\/wp-content\/uploads\/2023\/08\/IFU-80482499008-Ferramenta-de-Disseccao-Tungstenio-ESTERIL_revisao-00.pdf\" target=\"_blank\"><strong>Baixar<\/strong><\/a><\/p><\/td><\/tr><tr><td><p>80482490003<\/p><\/td><td><p>INSTRUMENTAL N\u00c3O ARTICULADO CORTANTE_revisao-01<\/p><\/td><td><p>AT\u00c9 03-03-2021<\/p><\/td><td><p><a href=\"https:\/\/biometal.med.br\/site\/wp-content\/uploads\/2023\/08\/IFU-80482490003-Instrumental-nao-articulado-cortante_revisao-01-ate-03.03.2021.pdf\" target=\"_blank\"><strong>Baixar<\/strong><\/a><\/p><\/td><\/tr><tr><td><p>80482490003<\/p><\/td><td><p>INSTRUMENTAL N\u00c3O ARTICULADO CORTANTE_revisao-02<\/p><\/td><td><p>DE 04-03-2021 AT\u00c9 16-08-2021<\/p><\/td><td><p><a href=\"https:\/\/biometal.med.br\/site\/wp-content\/uploads\/2023\/08\/IFU-80482490003-Instrumental-nao-articulado-cortante_revisao-02-de-04.03.2021-ate-16.08.2021.pdf\" target=\"_blank\"><strong>Baixar<\/strong><\/a><\/p><\/td><\/tr><tr><td><p>80482490003<\/p><\/td><td><p>INSTRUMENTAL N\u00c3O ARTICULADO CORTANTE_revisao-03<\/p><\/td><td><p>A PARTIR 17-08-2021<\/p><\/td><td><p><a href=\"https:\/\/biometal.med.br\/site\/wp-content\/uploads\/2023\/08\/IFU-80482490003-Instrumental-nao-articulado-cortante_revisao-03-a-partir-de-17.08.2021.pdf\" target=\"_blank\"><strong>Baixar<\/strong><\/a><\/p><\/td><\/tr><tr><td><p>80482490019<\/p><\/td><td><p>INSTRUMENTOS CIRURGICO N\u00c3O ARTICULADOS CORTANTES-II_revisao-00<\/p><\/td><td><\/td><td><p><a href=\"https:\/\/biometal.med.br\/site\/wp-content\/uploads\/2023\/08\/IFU-80482490019-Instrumentos-Cirurgicos-Nao-Articulados-Cortantes-II_revisao-00.pdf\" target=\"_blank\"><strong>Baixar<\/strong><\/a><\/p><\/td><\/tr><tr><td><p>80482490019<\/p><\/td><td><p>INSTRUMENTOS CIRURGICO N\u00c3O ARTICULADOS CORTANTES-II_revisao-01<\/p><\/td><td><p>A PARTIR 17-08-2021<\/p><\/td><td><p><a href=\"https:\/\/biometal.med.br\/site\/wp-content\/uploads\/2023\/08\/IFU-80482490019-Instrumentos-Cirurgicos-Nao-Articulados-Cortantes-II_revisao-01-a-partir-de-17.08.2021.pdf\" target=\"_blank\"><strong>Baixar<\/strong><\/a><\/p><\/td><\/tr><tr><td><p>80482490026<\/p><\/td><td><p>KIT CANULA PARA CRANIOTOMIA REFRIGERADA_revisao-00<\/p><\/td><td><\/td><td><p><a href=\"https:\/\/biometal.med.br\/site\/wp-content\/uploads\/2023\/08\/IFU-80482490026-KIT-CANULA-PARA-CRANIOTOMIA-REFRIGERADA_revisao-00.pdf\" target=\"_blank\"><strong>Baixar<\/strong><\/a><\/p><\/td><\/tr><tr><td><p>80482490027<\/p><\/td><td><p>KIT CANULA PARA OSTEOTOMIA PROGRESSIVA REFRIGERADA_revisao-00<\/p><\/td><td><\/td><td><p><a href=\"https:\/\/biometal.med.br\/site\/wp-content\/uploads\/2023\/08\/IFU-80482490027-KIT-CANULA-PARA-OSTEOTOMIA-PROGRESSIVA-REFRIGERADA_revisao-00.pdf\" target=\"_blank\"><strong>Baixar<\/strong><\/a><\/p><\/td><\/tr><tr><td><p>80482499007<\/p><\/td><td><p>LAMINA ESTERIL PARA SELADORA DE TECIDOS_revisao-00<\/p><\/td><td><\/td><td><p><a href=\"https:\/\/biometal.med.br\/site\/wp-content\/uploads\/2023\/08\/IFU-80482499007-LAMINA-ESTERIL-PARA-SELADORA-DE-TECIDOS_revisao-00.pdf\" target=\"_blank\"><strong>Baixar<\/strong><\/a><\/p><\/td><\/tr><tr><td><p>80482499009<\/p><\/td><td><p>LAMINAS E SERRAS_revisao-00<\/p><\/td><td><\/td><td><p><a href=\"https:\/\/biometal.med.br\/site\/wp-content\/uploads\/2023\/08\/IFU-80482499009-LAMINAS-E-SERRAS_revisao-00.pdf\" target=\"_blank\"><strong>Baixar<\/strong><\/a><\/p><\/td><\/tr><tr><td><p>80482499012<\/p><\/td><td><p>PERFURADOR VERTEBRAL CALIBRADO VBR ESTERIL_revisao-00<\/p><\/td><td><\/td><td><p><a href=\"https:\/\/biometal.med.br\/site\/wp-content\/uploads\/2023\/08\/IFU-80482499012-PERFURADOR-VERTEBRAL-CALIBRADO-VBR-ESTERIL_revisao-00.pdf\" target=\"_blank\"><strong>Baixar<\/strong><\/a><\/p><\/td><\/tr><\/tbody><\/table>\n            <\/div><div class=\"ea-advanced-data-table-pagination ea-advanced-data-table-pagination-button clearfix\"><\/div><\/div>\t\t\t\t<\/div>\n\t\t\t\t<\/div>\n\t\t\t\t\t<\/div>\n\t\t<\/div>\n\t\t\t\t\t<\/div>\n\t\t<\/section>\n\t\t\t\t<section class=\"elementor-section elementor-top-section elementor-element elementor-element-f429aa2 elementor-section-boxed elementor-section-height-default elementor-section-height-default\" data-id=\"f429aa2\" data-element_type=\"section\" data-e-type=\"section\">\n\t\t\t\t\t\t<div class=\"elementor-container elementor-column-gap-default\">\n\t\t\t\t\t<div class=\"elementor-column elementor-col-100 elementor-top-column elementor-element elementor-element-f3c204e\" data-id=\"f3c204e\" data-element_type=\"column\" data-e-type=\"column\">\n\t\t\t<div class=\"elementor-widget-wrap\">\n\t\t\t\t\t\t\t<\/div>\n\t\t<\/div>\n\t\t\t\t\t<\/div>\n\t\t<\/section>\n\t\t\t\t<\/div>\n\t\t","protected":false},"excerpt":{"rendered":"<p>As a source of information for users of biometal product line, our ifus &#8211; instructions for use highlight considerations such as: \u2013 Full product identification;\u2013 Indication(s) for use;\u2013 Important application warnings;\u2013 Contraindications;\u2013 Conditions for proper handling, storage, and transport;\u2013 Risks and precautions;\u2013 Disposal instructions after use;\u2013 Among other important aspects. How to consult In order [&hellip;]<\/p>\n","protected":false},"author":1,"featured_media":0,"parent":0,"menu_order":0,"comment_status":"closed","ping_status":"closed","template":"","meta":{"_acf_changed":false,"footnotes":""},"class_list":["post-884","page","type-page","status-publish","hentry"],"acf":[],"_links":{"self":[{"href":"https:\/\/biometal.med.br\/site\/index.php?rest_route=\/wp\/v2\/pages\/884","targetHints":{"allow":["GET"]}}],"collection":[{"href":"https:\/\/biometal.med.br\/site\/index.php?rest_route=\/wp\/v2\/pages"}],"about":[{"href":"https:\/\/biometal.med.br\/site\/index.php?rest_route=\/wp\/v2\/types\/page"}],"author":[{"embeddable":true,"href":"https:\/\/biometal.med.br\/site\/index.php?rest_route=\/wp\/v2\/users\/1"}],"replies":[{"embeddable":true,"href":"https:\/\/biometal.med.br\/site\/index.php?rest_route=%2Fwp%2Fv2%2Fcomments&post=884"}],"version-history":[{"count":52,"href":"https:\/\/biometal.med.br\/site\/index.php?rest_route=\/wp\/v2\/pages\/884\/revisions"}],"predecessor-version":[{"id":1192,"href":"https:\/\/biometal.med.br\/site\/index.php?rest_route=\/wp\/v2\/pages\/884\/revisions\/1192"}],"wp:attachment":[{"href":"https:\/\/biometal.med.br\/site\/index.php?rest_route=%2Fwp%2Fv2%2Fmedia&parent=884"}],"curies":[{"name":"wp","href":"https:\/\/api.w.org\/{rel}","templated":true}]}}