{"id":870,"date":"2023-10-17T02:00:45","date_gmt":"2023-10-17T02:00:45","guid":{"rendered":"https:\/\/biometal.med.br\/site\/?page_id=870"},"modified":"2023-11-27T16:13:45","modified_gmt":"2023-11-27T16:13:45","slug":"portal-para-acceso-a-las-e-instrucciones-de-uso","status":"publish","type":"page","link":"https:\/\/biometal.med.br\/site\/?page_id=870&lang=es","title":{"rendered":"PORTAL PARA ACCESO A LAS E-INSTRUCCIONES DE USO"},"content":{"rendered":"\t\t<div data-elementor-type=\"wp-page\" data-elementor-id=\"870\" class=\"elementor elementor-870\" data-elementor-post-type=\"page\">\n\t\t\t\t\t\t<section class=\"elementor-section elementor-top-section elementor-element elementor-element-77095f2 elementor-section-boxed elementor-section-height-default elementor-section-height-default\" data-id=\"77095f2\" data-element_type=\"section\" data-e-type=\"section\">\n\t\t\t\t\t\t<div class=\"elementor-container elementor-column-gap-default\">\n\t\t\t\t\t<div class=\"elementor-column elementor-col-100 elementor-top-column elementor-element elementor-element-3e0c72b\" data-id=\"3e0c72b\" data-element_type=\"column\" data-e-type=\"column\">\n\t\t\t<div class=\"elementor-widget-wrap elementor-element-populated\">\n\t\t\t\t\t\t<div class=\"elementor-element elementor-element-a465920 elementor-widget elementor-widget-text-editor\" data-id=\"a465920\" data-element_type=\"widget\" data-e-type=\"widget\" data-widget_type=\"text-editor.default\">\n\t\t\t\t<div class=\"elementor-widget-container\">\n\t\t\t\t\t\t\t\t\t<p>Como <strong>fuente de informaci\u00f3n para los usuarios de la l\u00ednea de productos de biometal<\/strong>, nuestras iu &#8211; instrucciones de uso destacan consideraciones como:<\/p><p>\u2013 Identificaci\u00f3n completa de los productos;<br \/>\u2013 Indicaci\u00f3n(es) de uso;<br \/>\u2013 Alertas importantes para la aplicaci\u00f3n;<br \/>\u2013 Contraindicaciones;<br \/>\u2013 Condiciones para el correcto manejo, almacenamiento y transporte;<br \/>\u2013 Riesgos y precauciones;<br \/>\u2013 Indicaciones para la forma de deshacerse despu\u00e9s del uso;<br \/>\u2013 Entre otros aspectos importantes.<\/p>\t\t\t\t\t\t\t\t<\/div>\n\t\t\t\t<\/div>\n\t\t\t\t\t<\/div>\n\t\t<\/div>\n\t\t\t\t\t<\/div>\n\t\t<\/section>\n\t\t\t\t<section class=\"elementor-section elementor-top-section elementor-element elementor-element-9ced613 elementor-section-boxed elementor-section-height-default elementor-section-height-default\" data-id=\"9ced613\" data-element_type=\"section\" data-e-type=\"section\">\n\t\t\t\t\t\t<div class=\"elementor-container elementor-column-gap-default\">\n\t\t\t\t\t<div class=\"elementor-column elementor-col-100 elementor-top-column elementor-element elementor-element-c336556\" data-id=\"c336556\" data-element_type=\"column\" data-e-type=\"column\">\n\t\t\t<div class=\"elementor-widget-wrap elementor-element-populated\">\n\t\t\t\t\t\t<div class=\"elementor-element elementor-element-868b4dc elementor-widget-divider--view-line elementor-widget elementor-widget-divider\" data-id=\"868b4dc\" data-element_type=\"widget\" data-e-type=\"widget\" data-widget_type=\"divider.default\">\n\t\t\t\t<div class=\"elementor-widget-container\">\n\t\t\t\t\t\t\t<div class=\"elementor-divider\">\n\t\t\t<span class=\"elementor-divider-separator\">\n\t\t\t\t\t\t<\/span>\n\t\t<\/div>\n\t\t\t\t\t\t<\/div>\n\t\t\t\t<\/div>\n\t\t\t\t\t<\/div>\n\t\t<\/div>\n\t\t\t\t\t<\/div>\n\t\t<\/section>\n\t\t\t\t<section class=\"elementor-section elementor-top-section elementor-element elementor-element-ebedf6c elementor-section-boxed elementor-section-height-default elementor-section-height-default\" data-id=\"ebedf6c\" data-element_type=\"section\" data-e-type=\"section\">\n\t\t\t\t\t\t<div class=\"elementor-container elementor-column-gap-default\">\n\t\t\t\t\t<div class=\"elementor-column elementor-col-100 elementor-top-column elementor-element elementor-element-e0c67ab\" data-id=\"e0c67ab\" data-element_type=\"column\" data-e-type=\"column\">\n\t\t\t<div class=\"elementor-widget-wrap elementor-element-populated\">\n\t\t\t\t\t\t<div class=\"elementor-element elementor-element-d157b27 elementor-widget elementor-widget-text-editor\" data-id=\"d157b27\" data-element_type=\"widget\" data-e-type=\"widget\" data-widget_type=\"text-editor.default\">\n\t\t\t\t<div class=\"elementor-widget-container\">\n\t\t\t\t\t\t\t\t\t<p><strong>Forma de consulta<\/strong><\/p><p>Con el objetivo de acceder r\u00e1pida y pr\u00e1cticamente a esta informaci\u00f3n, y cumpliendo con la actual IN n\u00ba 4\/2012 establecida por la ANVISA, BIOMETAL dispone para consulta \/ download nuestras IU &#8211; instrucciones de uso a trav\u00e9s de los siguientes pasos:<\/p>\t\t\t\t\t\t\t\t<\/div>\n\t\t\t\t<\/div>\n\t\t\t\t<section class=\"elementor-section elementor-inner-section elementor-element elementor-element-794b100 elementor-section-boxed elementor-section-height-default elementor-section-height-default\" data-id=\"794b100\" data-element_type=\"section\" data-e-type=\"section\" data-settings=\"{&quot;background_background&quot;:&quot;classic&quot;}\">\n\t\t\t\t\t\t<div class=\"elementor-container elementor-column-gap-default\">\n\t\t\t\t\t<div class=\"elementor-column elementor-col-100 elementor-inner-column elementor-element elementor-element-fbc7e1e\" data-id=\"fbc7e1e\" data-element_type=\"column\" data-e-type=\"column\">\n\t\t\t<div class=\"elementor-widget-wrap elementor-element-populated\">\n\t\t\t\t\t\t<div class=\"elementor-element elementor-element-68f538d elementor-widget elementor-widget-text-editor\" data-id=\"68f538d\" data-element_type=\"widget\" data-e-type=\"widget\" data-widget_type=\"text-editor.default\">\n\t\t\t\t<div class=\"elementor-widget-container\">\n\t\t\t\t\t\t\t\t\t<p><strong>Paso 1:<\/strong> Consulte en la etiqueta de su producto el respectivo n\u00famero de registro \/ registro ANVISA informado.<br \/><strong>Paso 2:<\/strong> Consulte en la etiqueta de su producto la respectiva fecha de fabricaci\u00f3n.<br \/><strong>Paso 3:<\/strong> Localice la instrucci\u00f3n de uso que comprenda la fecha de fabricaci\u00f3n de su producto;<br \/><strong>Paso 4:<\/strong> para abrir el archivo, haga clic en el \u00edcono de la iu o sobre el nombre t\u00e9cnico.<\/p>\t\t\t\t\t\t\t\t<\/div>\n\t\t\t\t<\/div>\n\t\t\t\t\t<\/div>\n\t\t<\/div>\n\t\t\t\t\t<\/div>\n\t\t<\/section>\n\t\t\t\t<div class=\"elementor-element elementor-element-5082ebd elementor-widget elementor-widget-text-editor\" data-id=\"5082ebd\" data-element_type=\"widget\" data-e-type=\"widget\" data-widget_type=\"text-editor.default\">\n\t\t\t\t<div class=\"elementor-widget-container\">\n\t\t\t\t\t\t\t\t\t<p>La IU se abrir\u00e1 autom\u00e1ticamente en la extensi\u00f3n PDF en una nueva ventana.<\/p><p>Si desea descargarlo, haga clic en el \u00edcono guardar como en su navegador (si no tiene un lector de PDF instalado en su computadora, puede descargarlo aqu\u00ed).<\/p><p>Todas las IU\u2019s &#8211; instrucciones de uso disponibles en nuestro sitio tienen la identificaci\u00f3n de la revisi\u00f3n \/ fecha de emisi\u00f3n en la primera p\u00e1gina del archivo, siendo responsabilidad del usuario asegurarse de la versi\u00f3n correcta (revisi\u00f3n y fecha de emisi\u00f3n) del documento en relaci\u00f3n con la fecha de fabricaci\u00f3n indicada en la etiqueta del producto adquirido.<\/p><p>Si es de inter\u00e9s del usuario, las iu &#8211; instrucciones de uso pueden ser proporcionadas en formato impreso, sin costo adicional. Para ello, contacte a uno de nuestros representantes comerciales o cont\u00e1ctenos directamente a trav\u00e9s del tel\u00e9fono: +55 tel\u00e9fono \/ fax: (19) 3495 \u2013 2485 o por correo electr\u00f3nico a qualidade@biometal.med.br .<\/p>\t\t\t\t\t\t\t\t<\/div>\n\t\t\t\t<\/div>\n\t\t\t\t\t<\/div>\n\t\t<\/div>\n\t\t\t\t\t<\/div>\n\t\t<\/section>\n\t\t\t\t<section class=\"elementor-section elementor-top-section elementor-element elementor-element-f3fa71a elementor-section-boxed elementor-section-height-default elementor-section-height-default\" data-id=\"f3fa71a\" data-element_type=\"section\" data-e-type=\"section\">\n\t\t\t\t\t\t<div class=\"elementor-container elementor-column-gap-default\">\n\t\t\t\t\t<div class=\"elementor-column elementor-col-100 elementor-top-column elementor-element elementor-element-8409e4f\" data-id=\"8409e4f\" data-element_type=\"column\" data-e-type=\"column\">\n\t\t\t<div class=\"elementor-widget-wrap elementor-element-populated\">\n\t\t\t\t\t\t<div class=\"elementor-element elementor-element-727b2a0 elementor-widget-divider--view-line elementor-widget elementor-widget-divider\" data-id=\"727b2a0\" data-element_type=\"widget\" data-e-type=\"widget\" data-widget_type=\"divider.default\">\n\t\t\t\t<div class=\"elementor-widget-container\">\n\t\t\t\t\t\t\t<div class=\"elementor-divider\">\n\t\t\t<span class=\"elementor-divider-separator\">\n\t\t\t\t\t\t<\/span>\n\t\t<\/div>\n\t\t\t\t\t\t<\/div>\n\t\t\t\t<\/div>\n\t\t\t\t\t<\/div>\n\t\t<\/div>\n\t\t\t\t\t<\/div>\n\t\t<\/section>\n\t\t\t\t<section class=\"elementor-section elementor-top-section elementor-element elementor-element-a7f698f elementor-section-boxed elementor-section-height-default elementor-section-height-default\" data-id=\"a7f698f\" data-element_type=\"section\" data-e-type=\"section\">\n\t\t\t\t\t\t<div class=\"elementor-container elementor-column-gap-default\">\n\t\t\t\t\t<div class=\"elementor-column elementor-col-100 elementor-top-column elementor-element elementor-element-dac339e\" data-id=\"dac339e\" data-element_type=\"column\" data-e-type=\"column\">\n\t\t\t<div class=\"elementor-widget-wrap\">\n\t\t\t\t\t\t\t<\/div>\n\t\t<\/div>\n\t\t\t\t\t<\/div>\n\t\t<\/section>\n\t\t\t\t<section class=\"elementor-section elementor-top-section elementor-element elementor-element-70acc19 elementor-section-boxed elementor-section-height-default elementor-section-height-default\" data-id=\"70acc19\" data-element_type=\"section\" data-e-type=\"section\">\n\t\t\t\t\t\t<div class=\"elementor-container elementor-column-gap-default\">\n\t\t\t\t\t<div class=\"elementor-column elementor-col-100 elementor-top-column elementor-element elementor-element-7d55d76\" data-id=\"7d55d76\" data-element_type=\"column\" data-e-type=\"column\">\n\t\t\t<div class=\"elementor-widget-wrap elementor-element-populated\">\n\t\t\t\t\t\t<div class=\"elementor-element elementor-element-a302a29 elementor-widget elementor-widget-eael-advanced-data-table\" data-id=\"a302a29\" data-element_type=\"widget\" data-e-type=\"widget\" data-widget_type=\"eael-advanced-data-table.default\">\n\t\t\t\t<div class=\"elementor-widget-container\">\n\t\t\t\t\t<div class=\"ea-advanced-data-table-wrap\" data-id=\"a302a29\"><div class=\"ea-advanced-data-table-search-wrap ea-advanced-data-table-search-right\"><input type=\"search\" placeholder=\"Buscar\" class=\"ea-advanced-data-table-search\"><\/div><div class=\"ea-advanced-data-table-wrap-inner\">\n                <table class=\"ea-advanced-data-table ea-advanced-data-table-static ea-advanced-data-table-a302a29 ea-advanced-data-table-sortable ea-advanced-data-table-paginated ea-advanced-data-table-searchable\" data-id=\"a302a29\" data-items-per-page=\"30\"><thead><tr><th><p>N\u00ba Anvisa<\/p><\/th><th><p>Nombre T\u00e9cnico<\/p><\/th><th><p>Vigencia (Fecha de Fabricaci\u00f3n)<\/p><\/th><th><p>Descargar<\/p><\/th><\/tr><\/thead><tbody><tr><td><p>80482499010<\/p><\/td><td><p>BISTURI MICROCIRURGICO DESCARTAVEL BIOMETAL - Revis\u00e3o-00<\/p><\/td><td><\/td><td><p><a href=\"https:\/\/biometal.med.br\/site\/wp-content\/uploads\/2023\/08\/IFU-80482499010-Bisturi-Microcirurgico-Descartavel-BIOMETAL_revisao-00.pdf\" target=\"_blank\"><strong>Baixar<\/strong><\/a><\/p><\/td><\/tr><tr><td><p>80482499005<\/p><\/td><td><p>BROCA FLEX\u00cdVEL CORTANTE ESF\u00c9RICA SKB_REVIS\u00c3O 00<\/p><\/td><td><\/td><td><p><a href=\"https:\/\/biometal.med.br\/site\/wp-content\/uploads\/2023\/08\/IFU-80482499005-BROCA-FLEXIVEL-CORTANTE-ESFERICA-SKB_revisao-00.pdf\" target=\"_blank\"><strong>Baixar<\/strong><\/a><\/p><\/td><\/tr><tr><td><p>80482499006<\/p><\/td><td><p>BROCA FLEX\u00cdVEL DIAMANTADA ESF\u00c9RICA SKB_REVIS\u00c3O 00<\/p><\/td><td><\/td><td><p><a href=\"https:\/\/biometal.med.br\/site\/wp-content\/uploads\/2023\/08\/IFU-80482499006-BROCA-FLEXIVEL-DIAMANTADA-ESFERICA-SKB_revisao-00.pdf\" target=\"_blank\"><strong>Baixar<\/strong><\/a><\/p><\/td><\/tr><tr><td><p>80482499011<\/p><\/td><td><p>BROCA HELICOIDAL LISA EST\u00c9RIL_REVIS\u00c3O 00<\/p><\/td><td><\/td><td><p><a href=\"https:\/\/biometal.med.br\/site\/wp-content\/uploads\/2023\/08\/IFU-80482499011-BROCA-HELICOIDAL-LISA-ESTERIL_revisao-00.pdf\" target=\"_blank\"><strong>Baixar<\/strong><\/a><\/p><\/td><\/tr><tr><td><p>80482499004<\/p><\/td><td><p>BROCAS AUTOM\u00c1TICA&nbsp;TREPANA\u00c7\u00c3O EST\u00c9RIL BIOMETAL_REVIS\u00c3O 00 <\/p><\/td><td><p>AT\u00c9 16-08-2021<\/p><\/td><td><p><a href=\"https:\/\/biometal.med.br\/site\/wp-content\/uploads\/2023\/08\/IFU-80482499004-Brocas-AUTOMATICA-TREPANACAO-ESTERIL-BIOMETAL_revisao-00.pdf\" target=\"_blank\"><strong>Baixar<\/strong><\/a><\/p><\/td><\/tr><tr><td><p>80482499004<\/p><\/td><td><p>BROCAS AUTOM\u00c1TICA&nbsp;TREPANA\u00c7\u00c3O EST\u00c9RIL BIOMETAL_REVIS\u00c3O 01 <\/p><\/td><td><p>A PARTIR DE 17-08-2021<\/p><\/td><td><p><a href=\"https:\/\/biometal.med.br\/site\/wp-content\/uploads\/2023\/08\/IFU-80482499004-Brocas-AUTOMATICA-TREPANACAO-ESTERIL-BIOMETAL_revisao-01-a-partir-de-17.08.2021.pdf\" target=\"_blank\"><strong>Baixar<\/strong><\/a><\/p><\/td><\/tr><tr><td><p>80482490028<\/p><\/td><td><p>BROCAS CARBIDE BIOMETAL_REVIS\u00c3O 00 <\/p><\/td><td><p>AT\u00c9 03-03-2021<\/p><\/td><td><p><a href=\"https:\/\/biometal.med.br\/site\/wp-content\/uploads\/2023\/08\/IFU-80482490028-BROCAS-CARBIDE-BIOMETAL_revisao-00-ate-03.03.2021.pdf\" target=\"_blank\"><strong>Baixar<\/strong><\/a><\/p><\/td><\/tr><tr><td><p>80482490028<\/p><\/td><td><p>BROCAS CARBIDE BIOMETAL_REVIS\u00c3O 01 <\/p><\/td><td><p>DE 04-03-2021 ATE 16-08-2021<\/p><\/td><td><p><a href=\"https:\/\/biometal.med.br\/site\/wp-content\/uploads\/2023\/08\/IFU-80482490028-BROCAS-CARBIDE-BIOMETAL_revisao-01-de-04.03.2021-ate-16.08.2021.pdf\" target=\"_blank\"><strong>Baixar<\/strong><\/a><\/p><\/td><\/tr><tr><td><p>80482490028<\/p><\/td><td><p>BROCAS CARBIDE BIOMETAL_REVIS\u00c3O 02 <\/p><\/td><td><p>A PARTIR DE 17-08-2021<\/p><\/td><td><p><a href=\"https:\/\/biometal.med.br\/site\/wp-content\/uploads\/2023\/08\/IFU-80482490028-BROCAS-CARBIDE-BIOMETAL_revisao-02-a-partir-de-17.08.2021.pdf\" target=\"_blank\"><strong>Baixar<\/strong><\/a><\/p><\/td><\/tr><tr><td><p>80482490025<\/p><\/td><td><p>BROCAS CORTANTES FRESAS E LAMINAS ESTEREIS_revisao-01<\/p><\/td><td><p>AT\u00c9 03-03-2021<\/p><\/td><td><p><a href=\"https:\/\/biometal.med.br\/site\/wp-content\/uploads\/2023\/08\/IFU-80482490025-Brocas-Cortantes-Fresas-e-Laminas-Estereis_revisao-01-ate-03.03.2021.pdf\" target=\"_blank\"><strong>Baixar<\/strong><\/a><\/p><\/td><\/tr><tr><td><p>80482490025<\/p><\/td><td><p>BROCAS CORTANTES FRESAS E LAMINAS ESTEREIS_revisao-02<\/p><\/td><td><p>DE 04-03-2021 AT\u00c9 16-08-2021<\/p><\/td><td><p><a href=\"https:\/\/biometal.med.br\/site\/wp-content\/uploads\/2023\/08\/IFU-80482490025-Brocas-Cortantes-Fresas-e-Laminas-Estereis_revisao-02-de-04.03.2021-ate-16.08.2021.pdf\" target=\"_blank\"><strong>Baixar<\/strong><\/a><\/p><\/td><\/tr><tr><td><p>80482490025<\/p><\/td><td><p>BROCAS CORTANTES FRESAS E LAMINAS ESTEREIS_revisao-03<\/p><\/td><td><p>DE 17-08-2021 AT\u00c9 28-06-2022<\/p><\/td><td><p><a href=\"https:\/\/biometal.med.br\/site\/wp-content\/uploads\/2023\/08\/IFU-80482490025-Brocas-Cortantes-Fresas-e-Laminas-Estereis_revisao-03-de-17.08.2021-ate-28.06.2022.pdf\" target=\"_blank\"><strong>Baixar<\/strong><\/a><\/p><\/td><\/tr><tr><td><p>80482490025<\/p><\/td><td><p>BROCAS CORTANTES FRESAS E LAMINAS ESTEREIS_revisao-04<\/p><\/td><td><p>A PARTIR 29-06-2022<\/p><\/td><td><p><a href=\"https:\/\/biometal.med.br\/site\/wp-content\/uploads\/2023\/08\/IFU-80482490025-Brocas-Cortantes-Fresas-e-Laminas-Estereis_revisao-04_vigentes-a-partir-de-29.06.2022.pdf\" target=\"_blank\"><strong>Baixar<\/strong><\/a><\/p><\/td><\/tr><tr><td><p>80482490024<\/p><\/td><td><p>BROCAS DIAMANTADAS ESTEREIS_revisao-01<\/p><\/td><td><p>AT\u00c9 03-03-2021<\/p><\/td><td><p><a href=\"https:\/\/biometal.med.br\/site\/wp-content\/uploads\/2023\/08\/IFU-80482490024-BROCAS-DIAMANTADAS-ESTEREIS_revisao-01-ate-03.03.2021.pdf\" target=\"_blank\"><strong>Baixar<\/strong><\/a><\/p><\/td><\/tr><tr><td><p>80482490024<\/p><\/td><td><p>BROCAS DIAMANTADAS ESTEREIS_revisao-02<\/p><\/td><td><p>DE 04-03-2021 AT\u00c9 16-08-2021<\/p><\/td><td><p><a href=\"https:\/\/biometal.med.br\/site\/wp-content\/uploads\/2023\/08\/IFU-80482490024-BROCAS-DIAMANTADAS-ESTEREIS_revisao-02-de-04.03.2021-ate-16.08.2021.pdf\" target=\"_blank\"><strong>Baixar<\/strong><\/a><\/p><\/td><\/tr><tr><td><p>80482490024<\/p><\/td><td><p>BROCAS DIAMANTADAS ESTEREIS_revisao-03<\/p><\/td><td><p>DE 17-08-2021 AT\u00c9 28-06-2022<\/p><\/td><td><p><a href=\"https:\/\/biometal.med.br\/site\/wp-content\/uploads\/2023\/08\/IFU-80482490024-BROCAS-DIAMANTADAS-ESTEREIS_revisao-03-de-17.08.2021-ate-28.06.2022.pdf\" target=\"_blank\"><strong>Baixar<\/strong><\/a><\/p><\/td><\/tr><tr><td><p>80482490024<\/p><\/td><td><p>BROCAS DIAMANTADAS ESTEREIS_revisao-04<\/p><\/td><td><p>A PARTIR 29-06-2022<\/p><\/td><td><p><a href=\"https:\/\/biometal.med.br\/site\/wp-content\/uploads\/2023\/08\/IFU-80482490024-BROCAS-DIAMANTADAS-ESTEREIS_revisao-04-a-partir-de-29.06.2022.pdf\" target=\"_blank\"><strong>Baixar<\/strong><\/a><\/p><\/td><\/tr><tr><td><p>80482499008<\/p><\/td><td><p>FERRAMENTA DE DISSEC\u00c7\u00c3O TUNGSTENIO ESTERIL_revisao-00<\/p><\/td><td><\/td><td><p><a href=\"https:\/\/biometal.med.br\/site\/wp-content\/uploads\/2023\/08\/IFU-80482499008-Ferramenta-de-Disseccao-Tungstenio-ESTERIL_revisao-00.pdf\" target=\"_blank\"><strong>Baixar<\/strong><\/a><\/p><\/td><\/tr><tr><td><p>80482490003<\/p><\/td><td><p>INSTRUMENTAL N\u00c3O ARTICULADO CORTANTE_revisao-01<\/p><\/td><td><p>AT\u00c9 03-03-2021<\/p><\/td><td><p><a href=\"https:\/\/biometal.med.br\/site\/wp-content\/uploads\/2023\/08\/IFU-80482490003-Instrumental-nao-articulado-cortante_revisao-01-ate-03.03.2021.pdf\" target=\"_blank\"><strong>Baixar<\/strong><\/a><\/p><\/td><\/tr><tr><td><p>80482490003<\/p><\/td><td><p>INSTRUMENTAL N\u00c3O ARTICULADO CORTANTE_revisao-02<\/p><\/td><td><p>DE 04-03-2021 AT\u00c9 16-08-2021<\/p><\/td><td><p><a href=\"https:\/\/biometal.med.br\/site\/wp-content\/uploads\/2023\/08\/IFU-80482490003-Instrumental-nao-articulado-cortante_revisao-02-de-04.03.2021-ate-16.08.2021.pdf\" target=\"_blank\"><strong>Baixar<\/strong><\/a><\/p><\/td><\/tr><tr><td><p>80482490003<\/p><\/td><td><p>INSTRUMENTAL N\u00c3O ARTICULADO CORTANTE_revisao-03<\/p><\/td><td><p>A PARTIR 17-08-2021<\/p><\/td><td><p><a href=\"https:\/\/biometal.med.br\/site\/wp-content\/uploads\/2023\/08\/IFU-80482490003-Instrumental-nao-articulado-cortante_revisao-03-a-partir-de-17.08.2021.pdf\" target=\"_blank\"><strong>Baixar<\/strong><\/a><\/p><\/td><\/tr><tr><td><p>80482490019<\/p><\/td><td><p>INSTRUMENTOS CIRURGICO N\u00c3O ARTICULADOS CORTANTES-II_revisao-00<\/p><\/td><td><\/td><td><p><a href=\"https:\/\/biometal.med.br\/site\/wp-content\/uploads\/2023\/08\/IFU-80482490019-Instrumentos-Cirurgicos-Nao-Articulados-Cortantes-II_revisao-00.pdf\" target=\"_blank\"><strong>Baixar<\/strong><\/a><\/p><\/td><\/tr><tr><td><p>80482490019<\/p><\/td><td><p>INSTRUMENTOS CIRURGICO N\u00c3O ARTICULADOS CORTANTES-II_revisao-01<\/p><\/td><td><p>A PARTIR 17-08-2021<\/p><\/td><td><p><a href=\"https:\/\/biometal.med.br\/site\/wp-content\/uploads\/2023\/08\/IFU-80482490019-Instrumentos-Cirurgicos-Nao-Articulados-Cortantes-II_revisao-01-a-partir-de-17.08.2021.pdf\" target=\"_blank\"><strong>Baixar<\/strong><\/a><\/p><\/td><\/tr><tr><td><p>80482490026<\/p><\/td><td><p>KIT CANULA PARA CRANIOTOMIA REFRIGERADA_revisao-00<\/p><\/td><td><\/td><td><p><a href=\"https:\/\/biometal.med.br\/site\/wp-content\/uploads\/2023\/08\/IFU-80482490026-KIT-CANULA-PARA-CRANIOTOMIA-REFRIGERADA_revisao-00.pdf\" target=\"_blank\"><strong>Baixar<\/strong><\/a><\/p><\/td><\/tr><tr><td><p>80482490027<\/p><\/td><td><p>KIT CANULA PARA OSTEOTOMIA PROGRESSIVA REFRIGERADA_revisao-00<\/p><\/td><td><\/td><td><p><a href=\"https:\/\/biometal.med.br\/site\/wp-content\/uploads\/2023\/08\/IFU-80482490027-KIT-CANULA-PARA-OSTEOTOMIA-PROGRESSIVA-REFRIGERADA_revisao-00.pdf\" target=\"_blank\"><strong>Baixar<\/strong><\/a><\/p><\/td><\/tr><tr><td><p>80482499007<\/p><\/td><td><p>LAMINA ESTERIL PARA SELADORA DE TECIDOS_revisao-00<\/p><\/td><td><\/td><td><p><a href=\"https:\/\/biometal.med.br\/site\/wp-content\/uploads\/2023\/08\/IFU-80482499007-LAMINA-ESTERIL-PARA-SELADORA-DE-TECIDOS_revisao-00.pdf\" target=\"_blank\"><strong>Baixar<\/strong><\/a><\/p><\/td><\/tr><tr><td><p>80482499009<\/p><\/td><td><p>LAMINAS E SERRAS_revisao-00<\/p><\/td><td><\/td><td><p><a href=\"https:\/\/biometal.med.br\/site\/wp-content\/uploads\/2023\/08\/IFU-80482499009-LAMINAS-E-SERRAS_revisao-00.pdf\" target=\"_blank\"><strong>Baixar<\/strong><\/a><\/p><\/td><\/tr><tr><td><p>80482499012<\/p><\/td><td><p>PERFURADOR VERTEBRAL CALIBRADO VBR ESTERIL_revisao-00<\/p><\/td><td><\/td><td><p><a href=\"https:\/\/biometal.med.br\/site\/wp-content\/uploads\/2023\/08\/IFU-80482499012-PERFURADOR-VERTEBRAL-CALIBRADO-VBR-ESTERIL_revisao-00.pdf\" target=\"_blank\"><strong>Baixar<\/strong><\/a><\/p><\/td><\/tr><\/tbody><\/table>\n            <\/div><div class=\"ea-advanced-data-table-pagination ea-advanced-data-table-pagination-button clearfix\"><\/div><\/div>\t\t\t\t<\/div>\n\t\t\t\t<\/div>\n\t\t\t\t\t<\/div>\n\t\t<\/div>\n\t\t\t\t\t<\/div>\n\t\t<\/section>\n\t\t\t\t<section class=\"elementor-section elementor-top-section elementor-element elementor-element-f429aa2 elementor-section-boxed elementor-section-height-default elementor-section-height-default\" data-id=\"f429aa2\" data-element_type=\"section\" data-e-type=\"section\">\n\t\t\t\t\t\t<div class=\"elementor-container elementor-column-gap-default\">\n\t\t\t\t\t<div class=\"elementor-column elementor-col-100 elementor-top-column elementor-element elementor-element-f3c204e\" data-id=\"f3c204e\" data-element_type=\"column\" data-e-type=\"column\">\n\t\t\t<div class=\"elementor-widget-wrap\">\n\t\t\t\t\t\t\t<\/div>\n\t\t<\/div>\n\t\t\t\t\t<\/div>\n\t\t<\/section>\n\t\t\t\t<\/div>\n\t\t","protected":false},"excerpt":{"rendered":"<p>Como fuente de informaci\u00f3n para los usuarios de la l\u00ednea de productos de biometal, nuestras iu &#8211; instrucciones de uso destacan consideraciones como: \u2013 Identificaci\u00f3n completa de los productos;\u2013 Indicaci\u00f3n(es) de uso;\u2013 Alertas importantes para la aplicaci\u00f3n;\u2013 Contraindicaciones;\u2013 Condiciones para el correcto manejo, almacenamiento y transporte;\u2013 Riesgos y precauciones;\u2013 Indicaciones para la forma de deshacerse [&hellip;]<\/p>\n","protected":false},"author":1,"featured_media":0,"parent":0,"menu_order":0,"comment_status":"closed","ping_status":"closed","template":"","meta":{"_acf_changed":false,"footnotes":""},"class_list":["post-870","page","type-page","status-publish","hentry"],"acf":[],"_links":{"self":[{"href":"https:\/\/biometal.med.br\/site\/index.php?rest_route=\/wp\/v2\/pages\/870","targetHints":{"allow":["GET"]}}],"collection":[{"href":"https:\/\/biometal.med.br\/site\/index.php?rest_route=\/wp\/v2\/pages"}],"about":[{"href":"https:\/\/biometal.med.br\/site\/index.php?rest_route=\/wp\/v2\/types\/page"}],"author":[{"embeddable":true,"href":"https:\/\/biometal.med.br\/site\/index.php?rest_route=\/wp\/v2\/users\/1"}],"replies":[{"embeddable":true,"href":"https:\/\/biometal.med.br\/site\/index.php?rest_route=%2Fwp%2Fv2%2Fcomments&post=870"}],"version-history":[{"count":41,"href":"https:\/\/biometal.med.br\/site\/index.php?rest_route=\/wp\/v2\/pages\/870\/revisions"}],"predecessor-version":[{"id":1148,"href":"https:\/\/biometal.med.br\/site\/index.php?rest_route=\/wp\/v2\/pages\/870\/revisions\/1148"}],"wp:attachment":[{"href":"https:\/\/biometal.med.br\/site\/index.php?rest_route=%2Fwp%2Fv2%2Fmedia&parent=870"}],"curies":[{"name":"wp","href":"https:\/\/api.w.org\/{rel}","templated":true}]}}