{"id":38,"date":"2023-04-26T12:57:09","date_gmt":"2023-04-26T12:57:09","guid":{"rendered":"https:\/\/biometal.med.br\/novo\/?page_id=38"},"modified":"2023-11-07T20:51:15","modified_gmt":"2023-11-07T20:51:15","slug":"quem-somos","status":"publish","type":"page","link":"https:\/\/biometal.med.br\/site\/?page_id=38","title":{"rendered":"Quem somos"},"content":{"rendered":"\t\t<div data-elementor-type=\"wp-page\" data-elementor-id=\"38\" class=\"elementor elementor-38\" data-elementor-post-type=\"page\">\n\t\t\t\t\t\t<section class=\"elementor-section elementor-top-section elementor-element elementor-element-ef96d9b elementor-section-boxed elementor-section-height-default elementor-section-height-default\" data-id=\"ef96d9b\" data-element_type=\"section\" data-e-type=\"section\">\n\t\t\t\t\t\t<div class=\"elementor-container elementor-column-gap-default\">\n\t\t\t\t\t<div class=\"elementor-column elementor-col-50 elementor-top-column elementor-element elementor-element-080369f\" data-id=\"080369f\" data-element_type=\"column\" data-e-type=\"column\">\n\t\t\t<div class=\"elementor-widget-wrap elementor-element-populated\">\n\t\t\t\t\t\t<div class=\"elementor-element elementor-element-b2ec5d5 elementor-widget elementor-widget-text-editor\" data-id=\"b2ec5d5\" data-element_type=\"widget\" data-e-type=\"widget\" data-widget_type=\"text-editor.default\">\n\t\t\t\t<div class=\"elementor-widget-container\">\n\t\t\t\t\t\t\t\t\t<p>A <strong>Biometal<\/strong> \u00e9 uma empresa brasileira privada que iniciou suas atividades em 2004 com o compromisso em fornecer produtos de excel\u00eancia que auxiliem os profissionais de sa\u00fade a realizar cirurgias de forma segura e eficaz. Nossa paix\u00e3o pela inova\u00e7\u00e3o e o compromisso com a qualidade s\u00e3o os pilares que impulsionam o nosso trabalho di\u00e1rio.<\/p><p>Contamos com uma equipe altamente qualificada, que est\u00e3o sempre empenhados em desenvolver e aprimorar os nossos produtos. Utilizamos tecnologias de ponta e materiais de primeira linha para garantir a m\u00e1xima precis\u00e3o e performance dos nossos produtos.<\/p><p>Acreditamos que a nossa miss\u00e3o vai al\u00e9m da fabrica\u00e7\u00e3o de instrumentos cir\u00fargicos.<\/p><p>Nosso objetivo \u00e9 contribuir para o avan\u00e7o da medicina e o bem-estar dos pacientes. Sabemos que cada cirurgia \u00e9 \u00fanica e tem o potencial de transformar vidas, por isso, estamos sempre empenhados na melhoria continua de nossos produtos e processos.<\/p>\t\t\t\t\t\t\t\t<\/div>\n\t\t\t\t<\/div>\n\t\t\t\t\t<\/div>\n\t\t<\/div>\n\t\t\t\t<div class=\"elementor-column elementor-col-50 elementor-top-column elementor-element elementor-element-c6d686a\" data-id=\"c6d686a\" data-element_type=\"column\" data-e-type=\"column\">\n\t\t\t<div class=\"elementor-widget-wrap elementor-element-populated\">\n\t\t\t\t\t\t<div class=\"elementor-element elementor-element-9545a93 elementor-widget elementor-widget-image\" data-id=\"9545a93\" data-element_type=\"widget\" data-e-type=\"widget\" data-widget_type=\"image.default\">\n\t\t\t\t<div class=\"elementor-widget-container\">\n\t\t\t\t\t\t\t\t\t\t\t\t\t\t\t<img fetchpriority=\"high\" decoding=\"async\" width=\"800\" height=\"451\" src=\"https:\/\/biometal.med.br\/site\/wp-content\/uploads\/2023\/07\/biometal.jpg\" class=\"attachment-large size-large wp-image-350\" alt=\"\" srcset=\"https:\/\/biometal.med.br\/site\/wp-content\/uploads\/2023\/07\/biometal.jpg 800w, https:\/\/biometal.med.br\/site\/wp-content\/uploads\/2023\/07\/biometal-300x169.jpg 300w, https:\/\/biometal.med.br\/site\/wp-content\/uploads\/2023\/07\/biometal-768x433.jpg 768w\" sizes=\"(max-width: 800px) 100vw, 800px\" \/>\t\t\t\t\t\t\t\t\t\t\t\t\t\t\t<\/div>\n\t\t\t\t<\/div>\n\t\t\t\t\t<\/div>\n\t\t<\/div>\n\t\t\t\t\t<\/div>\n\t\t<\/section>\n\t\t\t\t<section class=\"elementor-section elementor-top-section elementor-element elementor-element-7e0abd5 elementor-section-boxed elementor-section-height-default elementor-section-height-default\" data-id=\"7e0abd5\" data-element_type=\"section\" data-e-type=\"section\">\n\t\t\t\t\t\t<div class=\"elementor-container elementor-column-gap-default\">\n\t\t\t\t\t<div class=\"elementor-column elementor-col-100 elementor-top-column elementor-element elementor-element-d1f6ca3\" data-id=\"d1f6ca3\" data-element_type=\"column\" data-e-type=\"column\">\n\t\t\t<div class=\"elementor-widget-wrap elementor-element-populated\">\n\t\t\t\t\t\t<div class=\"elementor-element elementor-element-38cc470 elementor-widget-divider--view-line elementor-widget elementor-widget-divider\" data-id=\"38cc470\" data-element_type=\"widget\" data-e-type=\"widget\" data-widget_type=\"divider.default\">\n\t\t\t\t<div class=\"elementor-widget-container\">\n\t\t\t\t\t\t\t<div class=\"elementor-divider\">\n\t\t\t<span class=\"elementor-divider-separator\">\n\t\t\t\t\t\t<\/span>\n\t\t<\/div>\n\t\t\t\t\t\t<\/div>\n\t\t\t\t<\/div>\n\t\t\t\t\t<\/div>\n\t\t<\/div>\n\t\t\t\t\t<\/div>\n\t\t<\/section>\n\t\t\t\t<section class=\"elementor-section elementor-top-section elementor-element elementor-element-29be9eb elementor-section-boxed elementor-section-height-default elementor-section-height-default\" data-id=\"29be9eb\" data-element_type=\"section\" data-e-type=\"section\">\n\t\t\t\t\t\t<div class=\"elementor-container elementor-column-gap-default\">\n\t\t\t\t\t<div class=\"elementor-column elementor-col-100 elementor-top-column elementor-element elementor-element-be444c9\" data-id=\"be444c9\" data-element_type=\"column\" data-e-type=\"column\">\n\t\t\t<div class=\"elementor-widget-wrap elementor-element-populated\">\n\t\t\t\t\t\t<div class=\"elementor-element elementor-element-bc6d370 elementor-widget elementor-widget-video\" data-id=\"bc6d370\" data-element_type=\"widget\" data-e-type=\"widget\" data-settings=\"{&quot;youtube_url&quot;:&quot;https:\\\/\\\/youtu.be\\\/muiLsQGZT_0&quot;,&quot;video_type&quot;:&quot;youtube&quot;,&quot;controls&quot;:&quot;yes&quot;}\" data-widget_type=\"video.default\">\n\t\t\t\t<div class=\"elementor-widget-container\">\n\t\t\t\t\t\t\t<div class=\"elementor-wrapper elementor-open-inline\">\n\t\t\t<div class=\"elementor-video\"><\/div>\t\t<\/div>\n\t\t\t\t\t\t<\/div>\n\t\t\t\t<\/div>\n\t\t\t\t\t<\/div>\n\t\t<\/div>\n\t\t\t\t\t<\/div>\n\t\t<\/section>\n\t\t\t\t<section class=\"elementor-section elementor-top-section elementor-element elementor-element-ebbb644 elementor-section-boxed elementor-section-height-default elementor-section-height-default\" data-id=\"ebbb644\" data-element_type=\"section\" data-e-type=\"section\">\n\t\t\t\t\t\t<div class=\"elementor-container elementor-column-gap-default\">\n\t\t\t\t\t<div class=\"elementor-column elementor-col-100 elementor-top-column elementor-element elementor-element-8a24c55\" data-id=\"8a24c55\" data-element_type=\"column\" data-e-type=\"column\">\n\t\t\t<div class=\"elementor-widget-wrap elementor-element-populated\">\n\t\t\t\t\t\t<div class=\"elementor-element elementor-element-af67e59 elementor-widget-divider--view-line elementor-widget elementor-widget-divider\" data-id=\"af67e59\" data-element_type=\"widget\" data-e-type=\"widget\" data-widget_type=\"divider.default\">\n\t\t\t\t<div class=\"elementor-widget-container\">\n\t\t\t\t\t\t\t<div class=\"elementor-divider\">\n\t\t\t<span class=\"elementor-divider-separator\">\n\t\t\t\t\t\t<\/span>\n\t\t<\/div>\n\t\t\t\t\t\t<\/div>\n\t\t\t\t<\/div>\n\t\t\t\t\t<\/div>\n\t\t<\/div>\n\t\t\t\t\t<\/div>\n\t\t<\/section>\n\t\t\t\t<section class=\"elementor-section elementor-top-section elementor-element elementor-element-415c110 elementor-section-boxed elementor-section-height-default elementor-section-height-default\" data-id=\"415c110\" data-element_type=\"section\" data-e-type=\"section\">\n\t\t\t\t\t\t<div class=\"elementor-container elementor-column-gap-default\">\n\t\t\t\t\t<div class=\"elementor-column elementor-col-33 elementor-top-column elementor-element elementor-element-1b132e3\" data-id=\"1b132e3\" data-element_type=\"column\" data-e-type=\"column\">\n\t\t\t<div class=\"elementor-widget-wrap elementor-element-populated\">\n\t\t\t\t\t\t<div class=\"elementor-element elementor-element-722d833 elementor-widget elementor-widget-image\" data-id=\"722d833\" data-element_type=\"widget\" data-e-type=\"widget\" data-widget_type=\"image.default\">\n\t\t\t\t<div class=\"elementor-widget-container\">\n\t\t\t\t\t\t\t\t\t\t\t\t\t\t\t<img decoding=\"async\" width=\"150\" height=\"150\" src=\"https:\/\/biometal.med.br\/site\/wp-content\/uploads\/2023\/04\/icon-objetivo-1-150x150-1.png\" class=\"attachment-large size-large wp-image-278\" alt=\"\" \/>\t\t\t\t\t\t\t\t\t\t\t\t\t\t\t<\/div>\n\t\t\t\t<\/div>\n\t\t\t\t<div class=\"elementor-element elementor-element-2c78a8a elementor-widget elementor-widget-heading\" data-id=\"2c78a8a\" data-element_type=\"widget\" data-e-type=\"widget\" data-widget_type=\"heading.default\">\n\t\t\t\t<div class=\"elementor-widget-container\">\n\t\t\t\t\t<h2 class=\"elementor-heading-title elementor-size-default\">Miss\u00e3o<\/h2>\t\t\t\t<\/div>\n\t\t\t\t<\/div>\n\t\t\t\t<div class=\"elementor-element elementor-element-d3b47c5 elementor-widget elementor-widget-text-editor\" data-id=\"d3b47c5\" data-element_type=\"widget\" data-e-type=\"widget\" data-widget_type=\"text-editor.default\">\n\t\t\t\t<div class=\"elementor-widget-container\">\n\t\t\t\t\t\t\t\t\tNossa miss\u00e3o \u00e9 fornecer instrumentais cir\u00fargicos cortantes de alta qualidade e precis\u00e3o, visando a seguran\u00e7a e o sucesso dos profissionais de sa\u00fade e o bem-estar dos pacientes. Buscamos constantemente a inova\u00e7\u00e3o, o aprimoramento tecnol\u00f3gico e a excel\u00eancia em todos os aspectos do nosso neg\u00f3cio.\t\t\t\t\t\t\t\t<\/div>\n\t\t\t\t<\/div>\n\t\t\t\t\t<\/div>\n\t\t<\/div>\n\t\t\t\t<div class=\"elementor-column elementor-col-33 elementor-top-column elementor-element elementor-element-239ca00\" data-id=\"239ca00\" data-element_type=\"column\" data-e-type=\"column\">\n\t\t\t<div class=\"elementor-widget-wrap elementor-element-populated\">\n\t\t\t\t\t\t<div class=\"elementor-element elementor-element-21c3e16 elementor-widget elementor-widget-image\" data-id=\"21c3e16\" data-element_type=\"widget\" data-e-type=\"widget\" data-widget_type=\"image.default\">\n\t\t\t\t<div class=\"elementor-widget-container\">\n\t\t\t\t\t\t\t\t\t\t\t\t\t\t\t<img decoding=\"async\" width=\"150\" height=\"150\" src=\"https:\/\/biometal.med.br\/site\/wp-content\/uploads\/2023\/08\/visao.jpg\" class=\"attachment-large size-large wp-image-440\" alt=\"\" \/>\t\t\t\t\t\t\t\t\t\t\t\t\t\t\t<\/div>\n\t\t\t\t<\/div>\n\t\t\t\t<div class=\"elementor-element elementor-element-dbd8a3b elementor-widget elementor-widget-heading\" data-id=\"dbd8a3b\" data-element_type=\"widget\" data-e-type=\"widget\" data-widget_type=\"heading.default\">\n\t\t\t\t<div class=\"elementor-widget-container\">\n\t\t\t\t\t<h2 class=\"elementor-heading-title elementor-size-default\">Vis\u00e3o<\/h2>\t\t\t\t<\/div>\n\t\t\t\t<\/div>\n\t\t\t\t<div class=\"elementor-element elementor-element-f738efb elementor-widget elementor-widget-text-editor\" data-id=\"f738efb\" data-element_type=\"widget\" data-e-type=\"widget\" data-widget_type=\"text-editor.default\">\n\t\t\t\t<div class=\"elementor-widget-container\">\n\t\t\t\t\t\t\t\t\t<p><span style=\"font-weight: 400;\">Nossa vis\u00e3o \u00e9 ser reconhecida como l\u00edder no mercado de fabrica\u00e7\u00e3o de instrumentais cir\u00fargicos cortantes, tanto em termos de qualidade como de inova\u00e7\u00e3o. Almejamos contribuir de maneira significativa para avan\u00e7os na \u00e1rea m\u00e9dica, oferecendo solu\u00e7\u00f5es cir\u00fargicas seguras e eficazes.<\/span><\/p>\t\t\t\t\t\t\t\t<\/div>\n\t\t\t\t<\/div>\n\t\t\t\t\t<\/div>\n\t\t<\/div>\n\t\t\t\t<div class=\"elementor-column elementor-col-33 elementor-top-column elementor-element elementor-element-3ccbf7e\" data-id=\"3ccbf7e\" data-element_type=\"column\" data-e-type=\"column\">\n\t\t\t<div class=\"elementor-widget-wrap elementor-element-populated\">\n\t\t\t\t\t\t<div class=\"elementor-element elementor-element-c7b218a elementor-widget elementor-widget-image\" data-id=\"c7b218a\" data-element_type=\"widget\" data-e-type=\"widget\" data-widget_type=\"image.default\">\n\t\t\t\t<div class=\"elementor-widget-container\">\n\t\t\t\t\t\t\t\t\t\t\t\t\t\t\t<img loading=\"lazy\" decoding=\"async\" width=\"225\" height=\"225\" src=\"https:\/\/biometal.med.br\/site\/wp-content\/uploads\/2023\/04\/icon-qualidade-1.png\" class=\"attachment-large size-large wp-image-279\" alt=\"\" srcset=\"https:\/\/biometal.med.br\/site\/wp-content\/uploads\/2023\/04\/icon-qualidade-1.png 225w, https:\/\/biometal.med.br\/site\/wp-content\/uploads\/2023\/04\/icon-qualidade-1-150x150.png 150w\" sizes=\"(max-width: 225px) 100vw, 225px\" \/>\t\t\t\t\t\t\t\t\t\t\t\t\t\t\t<\/div>\n\t\t\t\t<\/div>\n\t\t\t\t<div class=\"elementor-element elementor-element-8a74b2e elementor-widget elementor-widget-heading\" data-id=\"8a74b2e\" data-element_type=\"widget\" data-e-type=\"widget\" data-widget_type=\"heading.default\">\n\t\t\t\t<div class=\"elementor-widget-container\">\n\t\t\t\t\t<h2 class=\"elementor-heading-title elementor-size-default\">Pol\u00edtica de qualidade<\/h2>\t\t\t\t<\/div>\n\t\t\t\t<\/div>\n\t\t\t\t<div class=\"elementor-element elementor-element-6d4c944 elementor-widget elementor-widget-text-editor\" data-id=\"6d4c944\" data-element_type=\"widget\" data-e-type=\"widget\" data-widget_type=\"text-editor.default\">\n\t\t\t\t<div class=\"elementor-widget-container\">\n\t\t\t\t\t\t\t\t\t<p>A Biometal se compromete em satisfazer as necessidades dos clientes, fornecendo dispositivos m\u00e9dicos em conformidade com seus requisitos de projetos, estatut\u00e1rios e regulamentares, buscando sempre a melhoria cont\u00ednua.<\/p>\t\t\t\t\t\t\t\t<\/div>\n\t\t\t\t<\/div>\n\t\t\t\t\t<\/div>\n\t\t<\/div>\n\t\t\t\t\t<\/div>\n\t\t<\/section>\n\t\t\t\t<section class=\"elementor-section elementor-top-section elementor-element elementor-element-7a9aa12 elementor-section-boxed elementor-section-height-default elementor-section-height-default\" data-id=\"7a9aa12\" data-element_type=\"section\" data-e-type=\"section\">\n\t\t\t\t\t\t<div class=\"elementor-container elementor-column-gap-default\">\n\t\t\t\t\t<div class=\"elementor-column elementor-col-100 elementor-top-column elementor-element elementor-element-80e2325\" data-id=\"80e2325\" data-element_type=\"column\" data-e-type=\"column\">\n\t\t\t<div class=\"elementor-widget-wrap elementor-element-populated\">\n\t\t\t\t\t\t<div class=\"elementor-element elementor-element-462fa77 elementor-widget-divider--view-line elementor-widget elementor-widget-divider\" data-id=\"462fa77\" data-element_type=\"widget\" data-e-type=\"widget\" data-widget_type=\"divider.default\">\n\t\t\t\t<div class=\"elementor-widget-container\">\n\t\t\t\t\t\t\t<div class=\"elementor-divider\">\n\t\t\t<span class=\"elementor-divider-separator\">\n\t\t\t\t\t\t<\/span>\n\t\t<\/div>\n\t\t\t\t\t\t<\/div>\n\t\t\t\t<\/div>\n\t\t\t\t\t<\/div>\n\t\t<\/div>\n\t\t\t\t\t<\/div>\n\t\t<\/section>\n\t\t\t\t<section class=\"elementor-section elementor-top-section elementor-element elementor-element-0ce92dd elementor-section-boxed elementor-section-height-default elementor-section-height-default\" data-id=\"0ce92dd\" data-element_type=\"section\" data-e-type=\"section\">\n\t\t\t\t\t\t<div class=\"elementor-container elementor-column-gap-default\">\n\t\t\t\t\t<div class=\"elementor-column elementor-col-100 elementor-top-column elementor-element elementor-element-34788f6\" data-id=\"34788f6\" data-element_type=\"column\" data-e-type=\"column\">\n\t\t\t<div class=\"elementor-widget-wrap elementor-element-populated\">\n\t\t\t\t\t\t<div class=\"elementor-element elementor-element-d2eddcb elementor-widget elementor-widget-image\" data-id=\"d2eddcb\" data-element_type=\"widget\" data-e-type=\"widget\" data-widget_type=\"image.default\">\n\t\t\t\t<div class=\"elementor-widget-container\">\n\t\t\t\t\t\t\t\t\t\t\t\t\t\t\t<img loading=\"lazy\" decoding=\"async\" width=\"150\" height=\"150\" src=\"https:\/\/biometal.med.br\/site\/wp-content\/uploads\/2023\/08\/valores.jpg\" class=\"attachment-large size-large wp-image-441\" alt=\"\" \/>\t\t\t\t\t\t\t\t\t\t\t\t\t\t\t<\/div>\n\t\t\t\t<\/div>\n\t\t\t\t<div class=\"elementor-element elementor-element-ded911a elementor-widget elementor-widget-heading\" data-id=\"ded911a\" data-element_type=\"widget\" data-e-type=\"widget\" data-widget_type=\"heading.default\">\n\t\t\t\t<div class=\"elementor-widget-container\">\n\t\t\t\t\t<h2 class=\"elementor-heading-title elementor-size-default\">VALORES<\/h2>\t\t\t\t<\/div>\n\t\t\t\t<\/div>\n\t\t\t\t\t<\/div>\n\t\t<\/div>\n\t\t\t\t\t<\/div>\n\t\t<\/section>\n\t\t\t\t<section class=\"elementor-section elementor-top-section elementor-element elementor-element-3fe8196 elementor-section-boxed elementor-section-height-default elementor-section-height-default\" data-id=\"3fe8196\" data-element_type=\"section\" data-e-type=\"section\">\n\t\t\t\t\t\t<div class=\"elementor-container elementor-column-gap-default\">\n\t\t\t\t\t<div class=\"elementor-column elementor-col-33 elementor-top-column elementor-element elementor-element-9461e7e\" data-id=\"9461e7e\" data-element_type=\"column\" data-e-type=\"column\">\n\t\t\t<div class=\"elementor-widget-wrap elementor-element-populated\">\n\t\t\t\t\t\t<div class=\"elementor-element elementor-element-0ba9e9b elementor-widget elementor-widget-text-editor\" data-id=\"0ba9e9b\" data-element_type=\"widget\" data-e-type=\"widget\" data-widget_type=\"text-editor.default\">\n\t\t\t\t<div class=\"elementor-widget-container\">\n\t\t\t\t\t\t\t\t\t<p><b>Qualidade e Seguran\u00e7a:<br \/><\/b><span style=\"font-weight: 400;\"> Comprometemo-nos com a mais alta qualidade em todos os nossos produtos, garantindo a seguran\u00e7a e efic\u00e1cia para os profissionais de sa\u00fade e pacientes. Buscamos exceder as expectativas e cumprir rigorosamente os requisitos regulamentares no \u00e2mbito de atua\u00e7\u00e3o nacional e internacional.<\/span><\/p>\t\t\t\t\t\t\t\t<\/div>\n\t\t\t\t<\/div>\n\t\t\t\t\t<\/div>\n\t\t<\/div>\n\t\t\t\t<div class=\"elementor-column elementor-col-33 elementor-top-column elementor-element elementor-element-31f9761\" data-id=\"31f9761\" data-element_type=\"column\" data-e-type=\"column\">\n\t\t\t<div class=\"elementor-widget-wrap elementor-element-populated\">\n\t\t\t\t\t\t<div class=\"elementor-element elementor-element-a0dd44b elementor-widget elementor-widget-text-editor\" data-id=\"a0dd44b\" data-element_type=\"widget\" data-e-type=\"widget\" data-widget_type=\"text-editor.default\">\n\t\t\t\t<div class=\"elementor-widget-container\">\n\t\t\t\t\t\t\t\t\t<p><b>Inova\u00e7\u00e3o:<\/b><span style=\"font-weight: 400;\"> <br \/>Estamos empenhados em impulsionar a inova\u00e7\u00e3o e aprimorar constantemente nossos produtos e processos. Investimos em pesquisa e desenvolvimento para estar na vanguarda das \u00faltimas tecnologias e tend\u00eancias na \u00e1rea de instrumentais cir\u00fargicos cortantes.<\/span><\/p>\t\t\t\t\t\t\t\t<\/div>\n\t\t\t\t<\/div>\n\t\t\t\t\t<\/div>\n\t\t<\/div>\n\t\t\t\t<div class=\"elementor-column elementor-col-33 elementor-top-column elementor-element elementor-element-0db8d2d\" data-id=\"0db8d2d\" data-element_type=\"column\" data-e-type=\"column\">\n\t\t\t<div class=\"elementor-widget-wrap elementor-element-populated\">\n\t\t\t\t\t\t<div class=\"elementor-element elementor-element-be5d280 elementor-widget elementor-widget-text-editor\" data-id=\"be5d280\" data-element_type=\"widget\" data-e-type=\"widget\" data-widget_type=\"text-editor.default\">\n\t\t\t\t<div class=\"elementor-widget-container\">\n\t\t\t\t\t\t\t\t\t<p><b>Parceria e Colabora\u00e7\u00e3o:<br \/><\/b><span style=\"font-weight: 400;\"> Valorizamos relacionamentos de longo prazo com nossos clientes, colaboradores e fornecedores. Trabalhamos em estreita colabora\u00e7\u00e3o com profissionais de sa\u00fade para entender suas necessidades e oferecer solu\u00e7\u00f5es personalizadas que atendam \u00e0s demandas espec\u00edficas de cada cirurgia.<\/span><\/p>\t\t\t\t\t\t\t\t<\/div>\n\t\t\t\t<\/div>\n\t\t\t\t\t<\/div>\n\t\t<\/div>\n\t\t\t\t\t<\/div>\n\t\t<\/section>\n\t\t\t\t<section class=\"elementor-section elementor-top-section elementor-element elementor-element-2f11b9f elementor-section-boxed elementor-section-height-default elementor-section-height-default\" data-id=\"2f11b9f\" data-element_type=\"section\" data-e-type=\"section\">\n\t\t\t\t\t\t<div class=\"elementor-container elementor-column-gap-default\">\n\t\t\t\t\t<div class=\"elementor-column elementor-col-33 elementor-top-column elementor-element elementor-element-c7cbd90\" data-id=\"c7cbd90\" data-element_type=\"column\" data-e-type=\"column\">\n\t\t\t<div class=\"elementor-widget-wrap elementor-element-populated\">\n\t\t\t\t\t\t<div class=\"elementor-element elementor-element-0d487dc elementor-widget elementor-widget-text-editor\" data-id=\"0d487dc\" data-element_type=\"widget\" data-e-type=\"widget\" data-widget_type=\"text-editor.default\">\n\t\t\t\t<div class=\"elementor-widget-container\">\n\t\t\t\t\t\t\t\t\t<p><b>\u00c9tica:<\/b><span style=\"font-weight: 400;\"> <br \/>Atuamos de acordo com os mais altos padr\u00f5es \u00e9ticos, garantindo a transpar\u00eancia, a integridade e o respeito em todas as nossas rela\u00e7\u00f5es. Nossa conduta \u00e9tica \u00e9 fundamental para conquistar a confian\u00e7a e a credibilidade de nossos clientes e parceiros.<\/span><\/p>\t\t\t\t\t\t\t\t<\/div>\n\t\t\t\t<\/div>\n\t\t\t\t\t<\/div>\n\t\t<\/div>\n\t\t\t\t<div class=\"elementor-column elementor-col-33 elementor-top-column elementor-element elementor-element-07fec79\" data-id=\"07fec79\" data-element_type=\"column\" data-e-type=\"column\">\n\t\t\t<div class=\"elementor-widget-wrap elementor-element-populated\">\n\t\t\t\t\t\t<div class=\"elementor-element elementor-element-24828a5 elementor-widget elementor-widget-text-editor\" data-id=\"24828a5\" data-element_type=\"widget\" data-e-type=\"widget\" data-widget_type=\"text-editor.default\">\n\t\t\t\t<div class=\"elementor-widget-container\">\n\t\t\t\t\t\t\t\t\t<p><b>Excel\u00eancia no Atendimento ao Cliente:<\/b><span style=\"font-weight: 400;\"> <br \/>Priorizamos o atendimento que exceda as expectativas de nossos clientes, estamos comprometidos em ouvir atentamente nossos clientes, reconhecer suas necessidades e fornecer solu\u00e7\u00f5es eficazes e personalizadas.<\/span><\/p>\t\t\t\t\t\t\t\t<\/div>\n\t\t\t\t<\/div>\n\t\t\t\t\t<\/div>\n\t\t<\/div>\n\t\t\t\t<div class=\"elementor-column elementor-col-33 elementor-top-column elementor-element elementor-element-29e1621\" data-id=\"29e1621\" data-element_type=\"column\" data-e-type=\"column\">\n\t\t\t<div class=\"elementor-widget-wrap\">\n\t\t\t\t\t\t\t<\/div>\n\t\t<\/div>\n\t\t\t\t\t<\/div>\n\t\t<\/section>\n\t\t\t\t<\/div>\n\t\t","protected":false},"excerpt":{"rendered":"<p>A Biometal \u00e9 uma empresa brasileira privada que iniciou suas atividades em 2004 com o compromisso em fornecer produtos de excel\u00eancia que auxiliem os profissionais de sa\u00fade a realizar cirurgias de forma segura e eficaz. Nossa paix\u00e3o pela inova\u00e7\u00e3o e o compromisso com a qualidade s\u00e3o os pilares que impulsionam o nosso trabalho di\u00e1rio. Contamos [&hellip;]<\/p>\n","protected":false},"author":1,"featured_media":0,"parent":0,"menu_order":0,"comment_status":"closed","ping_status":"closed","template":"","meta":{"_acf_changed":false,"footnotes":""},"class_list":["post-38","page","type-page","status-publish","hentry"],"acf":[],"_links":{"self":[{"href":"https:\/\/biometal.med.br\/site\/index.php?rest_route=\/wp\/v2\/pages\/38","targetHints":{"allow":["GET"]}}],"collection":[{"href":"https:\/\/biometal.med.br\/site\/index.php?rest_route=\/wp\/v2\/pages"}],"about":[{"href":"https:\/\/biometal.med.br\/site\/index.php?rest_route=\/wp\/v2\/types\/page"}],"author":[{"embeddable":true,"href":"https:\/\/biometal.med.br\/site\/index.php?rest_route=\/wp\/v2\/users\/1"}],"replies":[{"embeddable":true,"href":"https:\/\/biometal.med.br\/site\/index.php?rest_route=%2Fwp%2Fv2%2Fcomments&post=38"}],"version-history":[{"count":52,"href":"https:\/\/biometal.med.br\/site\/index.php?rest_route=\/wp\/v2\/pages\/38\/revisions"}],"predecessor-version":[{"id":1063,"href":"https:\/\/biometal.med.br\/site\/index.php?rest_route=\/wp\/v2\/pages\/38\/revisions\/1063"}],"wp:attachment":[{"href":"https:\/\/biometal.med.br\/site\/index.php?rest_route=%2Fwp%2Fv2%2Fmedia&parent=38"}],"curies":[{"name":"wp","href":"https:\/\/api.w.org\/{rel}","templated":true}]}}